{"id":317,"date":"2024-07-18T12:22:32","date_gmt":"2024-07-18T12:22:32","guid":{"rendered":"https:\/\/luiz-tech.hu\/?post_type=product&#038;p=317"},"modified":"2024-07-19T06:34:11","modified_gmt":"2024-07-19T06:34:11","slug":"virus-es-malware-vedelem","status":"publish","type":"product","link":"https:\/\/luiz-tech.hu\/en\/product\/virus-es-malware-vedelem\/","title":{"rendered":"V\u00edrus- \u00e9s Malware V\u00e9delem"},"content":{"rendered":"<p>[et_pb_section fb_built=&#8221;1&#8243; _builder_version=&#8221;4.16&#8243; custom_padding=&#8221;0px||0px||false|false&#8221; global_colors_info=&#8221;{}&#8221;][et_pb_row _builder_version=&#8221;4.16&#8243; background_size=&#8221;initial&#8221; background_position=&#8221;top_left&#8221; background_repeat=&#8221;repeat&#8221; width=&#8221;100%&#8221; custom_padding=&#8221;0px||0px||false|false&#8221; global_colors_info=&#8221;{}&#8221;][et_pb_column type=&#8221;4_4&#8243; _builder_version=&#8221;4.16&#8243; custom_padding=&#8221;|||&#8221; global_colors_info=&#8221;{}&#8221; custom_padding__hover=&#8221;|||&#8221;][et_pb_wc_cart_notice _builder_version=&#8221;4.26.1&#8243; hover_enabled=&#8221;0&#8243; global_colors_info=&#8221;{}&#8221; background_color=&#8221;#F48C06&#8243; sticky_enabled=&#8221;0&#8243; custom_button=&#8221;on&#8221; button_text_color=&#8221;#F48C06&#8243;][\/et_pb_wc_cart_notice][\/et_pb_column][\/et_pb_row][et_pb_row column_structure=&#8221;1_2,1_2&#8243; _builder_version=&#8221;4.16&#8243; background_size=&#8221;initial&#8221; background_position=&#8221;top_left&#8221; background_repeat=&#8221;repeat&#8221; width=&#8221;100%&#8221; custom_padding=&#8221;0px||||false|false&#8221; global_colors_info=&#8221;{}&#8221;][et_pb_column type=&#8221;1_2&#8243; _builder_version=&#8221;4.16&#8243; custom_padding=&#8221;|||&#8221; global_colors_info=&#8221;{}&#8221; custom_padding__hover=&#8221;|||&#8221;][et_pb_wc_images _builder_version=&#8221;4.26.1&#8243; min_height=&#8221;590px&#8221; height=&#8221;590px&#8221; max_height=&#8221;590px&#8221; border_radii=&#8221;on|15px|15px|15px|15px&#8221; global_colors_info=&#8221;{}&#8221;][\/et_pb_wc_images][\/et_pb_column][et_pb_column type=&#8221;1_2&#8243; _builder_version=&#8221;4.16&#8243; custom_padding=&#8221;|||&#8221; global_colors_info=&#8221;{}&#8221; custom_padding__hover=&#8221;|||&#8221;][et_pb_wc_title _builder_version=&#8221;4.16&#8243; global_colors_info=&#8221;{}&#8221;][\/et_pb_wc_title][et_pb_wc_price _builder_version=&#8221;4.26.1&#8243; _module_preset=&#8221;default&#8221; hover_enabled=&#8221;0&#8243; global_colors_info=&#8221;{}&#8221; body_text_color=&#8221;#F48C06&#8243; sticky_enabled=&#8221;0&#8243;][\/et_pb_wc_price][et_pb_wc_description _builder_version=&#8221;4.26.1&#8243; global_colors_info=&#8221;{}&#8221;][\/et_pb_wc_description][et_pb_wc_add_to_cart _builder_version=&#8221;4.26.1&#8243; hover_enabled=&#8221;0&#8243; global_colors_info=&#8221;{}&#8221; show_quantity=&#8221;off&#8221; show_stock=&#8221;off&#8221; field_label_text_align=&#8221;center&#8221; custom_button=&#8221;on&#8221; button_text_color=&#8221;#F48C06&#8243; sticky_enabled=&#8221;0&#8243;][\/et_pb_wc_add_to_cart][\/et_pb_column][\/et_pb_row][et_pb_row _builder_version=&#8221;4.26.1&#8243; _module_preset=&#8221;default&#8221; global_colors_info=&#8221;{}&#8221;][et_pb_column type=&#8221;4_4&#8243; _builder_version=&#8221;4.26.1&#8243; _module_preset=&#8221;default&#8221; global_colors_info=&#8221;{}&#8221;][et_pb_divider color=&#8221;#F48C06&#8243; _builder_version=&#8221;4.26.1&#8243; _module_preset=&#8221;default&#8221; global_colors_info=&#8221;{}&#8221;][\/et_pb_divider][et_pb_wc_description description_type=&#8221;description&#8221; _builder_version=&#8221;4.26.1&#8243; _module_preset=&#8221;default&#8221; global_colors_info=&#8221;{}&#8221;][\/et_pb_wc_description][\/et_pb_column][\/et_pb_row][et_pb_row _builder_version=&#8221;4.26.1&#8243; _module_preset=&#8221;default&#8221; global_colors_info=&#8221;{}&#8221;][et_pb_column type=&#8221;4_4&#8243; _builder_version=&#8221;4.26.1&#8243; _module_preset=&#8221;default&#8221; global_colors_info=&#8221;{}&#8221;][et_pb_divider color=&#8221;#F48C06&#8243; _builder_version=&#8221;4.26.1&#8243; _module_preset=&#8221;default&#8221; global_colors_info=&#8221;{}&#8221;][\/et_pb_divider][et_pb_shop type=&#8221;product_category&#8221; include_categories=&#8221;all&#8221; _builder_version=&#8221;4.26.1&#8243; _module_preset=&#8221;default&#8221; hover_enabled=&#8221;0&#8243; global_colors_info=&#8221;{}&#8221; sticky_enabled=&#8221;0&#8243; icon_hover_color=&#8221;#F48C06&#8243; hover_overlay_color=&#8221;rgba(244,140,6,0.19)&#8221; hover_icon=&#8221;&#xf07a;||fa||900&#8243; show_rating=&#8221;off&#8221; show_sale_badge=&#8221;off&#8221; title_text_align=&#8221;center&#8221; price_text_align=&#8221;center&#8221; title_text_color=&#8221;#F48C06&#8243; border_radii_image=&#8221;on|10px|10px|10px|10px&#8221;][\/et_pb_shop][\/et_pb_column][\/et_pb_row][\/et_pb_section]<\/p>","protected":false},"excerpt":{"rendered":"<p><strong>V\u00edrus- \u00e9s Malware V\u00e9delem:<\/strong><\/p>\n<ul>\n<li><strong>Antiv\u00edrus telep\u00edt\u00e9s:<\/strong> V\u00edrusirt\u00f3 szoftverek telep\u00edt\u00e9se \u00e9s konfigur\u00e1l\u00e1sa.<\/li>\n<li><strong>Malware elt\u00e1vol\u00edt\u00e1s:<\/strong> V\u00edrusok, spyware-ek \u00e9s egy\u00e9b k\u00e1ros szoftverek elt\u00e1vol\u00edt\u00e1sa.<\/li>\n<li><strong>Biztons\u00e1gi szkennel\u00e9s:<\/strong> Rendszeres biztons\u00e1gi ellen\u0151rz\u00e9sek v\u00e9grehajt\u00e1sa.<\/li>\n<\/ul>","protected":false},"featured_media":318,"template":"","meta":{"_et_pb_use_builder":"on","_et_pb_old_content":"<h3>V\u00edrus- \u00e9s Malware V\u00e9delem<\/h3>\r\nA v\u00edrus- \u00e9s malware v\u00e9delem kulcsfontoss\u00e1g\u00fa r\u00e9sze az IT szolg\u00e1ltat\u00e1soknak, mivel biztos\u00edtja a sz\u00e1m\u00edt\u00f3g\u00e9pek \u00e9s h\u00e1l\u00f3zatok biztons\u00e1g\u00e1t a k\u00e1rt\u00e9kony szoftverekkel szemben. Az al\u00e1bbiakban r\u00e9szletesen bemutatjuk az antiv\u00edrus telep\u00edt\u00e9s, malware elt\u00e1vol\u00edt\u00e1s \u00e9s biztons\u00e1gi szkennel\u00e9s folyamat\u00e1t.\r\n<h4>Antiv\u00edrus Telep\u00edt\u00e9s<\/h4>\r\nAz antiv\u00edrus szoftverek telep\u00edt\u00e9se \u00e9s konfigur\u00e1l\u00e1sa alapvet\u0151 l\u00e9p\u00e9s a sz\u00e1m\u00edt\u00f3g\u00e9pek v\u00e9delm\u00e9ben. Ezek a programok folyamatosan figyelik a rendszert \u00e9s felismerik a k\u00e1rt\u00e9kony szoftvereket, miel\u0151tt azok k\u00e1rt tehetn\u00e9nek a rendszerben.\r\n<ul>\r\n \t<li><strong>Szoftver kiv\u00e1laszt\u00e1sa:<\/strong> Az IT szakemberek kiv\u00e1lasztj\u00e1k a megfelel\u0151 antiv\u00edrus szoftvert, amely megfelel a v\u00e1llalat ig\u00e9nyeinek. N\u00e9pszer\u0171 antiv\u00edrus programok k\u00f6z\u00e9 tartozik a Norton, Kaspersky, McAfee, Bitdefender \u00e9s az Avast.<\/li>\r\n \t<li><strong>Telep\u00edt\u00e9s:<\/strong> Az antiv\u00edrus szoftver telep\u00edt\u00e9se a sz\u00e1m\u00edt\u00f3g\u00e9pekre \u00e9s egy\u00e9b eszk\u00f6z\u00f6kre. A telep\u00edt\u00e9s sor\u00e1n a szoftver be\u00e1ll\u00edtja az alap\u00e9rtelmezett v\u00e9delmi be\u00e1ll\u00edt\u00e1sokat.<\/li>\r\n \t<li><strong>Konfigur\u00e1l\u00e1s:<\/strong> Az IT szakemberek testreszabj\u00e1k az antiv\u00edrus szoftver be\u00e1ll\u00edt\u00e1sait, hogy maxim\u00e1lis v\u00e9delmet biztos\u00edtsanak. Ez mag\u00e1ban foglalhatja az automatikus friss\u00edt\u00e9sek enged\u00e9lyez\u00e9s\u00e9t, a val\u00f3s idej\u0171 v\u00e9delem be\u00e1ll\u00edt\u00e1s\u00e1t, valamint a rendszeres teljes rendszerszkennel\u00e9s \u00fctemez\u00e9s\u00e9t.<\/li>\r\n \t<li><strong>Felhaszn\u00e1l\u00f3i k\u00e9pz\u00e9s:<\/strong> A felhaszn\u00e1l\u00f3k t\u00e1j\u00e9koztat\u00e1sa az antiv\u00edrus szoftver haszn\u00e1lat\u00e1r\u00f3l, p\u00e9ld\u00e1ul hogyan futtathatnak manu\u00e1lis vizsg\u00e1latokat, hogyan friss\u00edthetik a v\u00edrusdefin\u00edci\u00f3kat \u00e9s hogyan kezelhetik a figyelmeztet\u00e9seket.<\/li>\r\n<\/ul>\r\n<h4>Malware Elt\u00e1vol\u00edt\u00e1s<\/h4>\r\nA malware elt\u00e1vol\u00edt\u00e1sa kritikus feladat, amikor egy sz\u00e1m\u00edt\u00f3g\u00e9p vagy rendszer m\u00e1r fert\u0151z\u00f6tt. Az IT szakemberek k\u00fcl\u00f6nb\u00f6z\u0151 eszk\u00f6z\u00f6ket \u00e9s technik\u00e1kat alkalmaznak a k\u00e1rt\u00e9kony szoftverek azonos\u00edt\u00e1s\u00e1ra \u00e9s elt\u00e1vol\u00edt\u00e1s\u00e1ra.\r\n<ul>\r\n \t<li><strong>Fert\u0151z\u00e9s azonos\u00edt\u00e1sa:<\/strong> Az IT szakemberek k\u00fcl\u00f6nb\u00f6z\u0151 diagnosztikai eszk\u00f6z\u00f6kkel azonos\u00edtj\u00e1k a malware fert\u0151z\u00e9s jeleit. Ez mag\u00e1ban foglalhatja a rendszerteljes\u00edtm\u00e9ny hirtelen cs\u00f6kken\u00e9s\u00e9t, ismeretlen folyamatok fut\u00e1s\u00e1t, vagy nem k\u00edv\u00e1nt pop-up ablakok megjelen\u00e9s\u00e9t.<\/li>\r\n \t<li><strong>K\u00e1rtev\u0151 elt\u00e1vol\u00edt\u00f3 eszk\u00f6z\u00f6k haszn\u00e1lata:<\/strong> A speci\u00e1lis malware elt\u00e1vol\u00edt\u00f3 eszk\u00f6z\u00f6k, mint p\u00e9ld\u00e1ul a Malwarebytes, HitmanPro \u00e9s AdwCleaner, seg\u00edtenek azonos\u00edtani \u00e9s elt\u00e1vol\u00edtani a k\u00e1rt\u00e9kony szoftvereket. Ezek az eszk\u00f6z\u00f6k m\u00e9lyrehat\u00f3 szkennel\u00e9seket v\u00e9geznek \u00e9s elt\u00e1vol\u00edtj\u00e1k a fert\u0151z\u00f6tt f\u00e1jlokat.<\/li>\r\n \t<li><strong>Rendszer-vissza\u00e1ll\u00edt\u00e1s:<\/strong> Sz\u00fcks\u00e9g eset\u00e9n az IT szakemberek a rendszer vissza\u00e1ll\u00edt\u00e1si pontjait haszn\u00e1lhatj\u00e1k a fert\u0151z\u00e9s el\u0151tti \u00e1llapot vissza\u00e1ll\u00edt\u00e1s\u00e1hoz. Ez k\u00fcl\u00f6n\u00f6sen hasznos lehet, ha a malware s\u00falyosan k\u00e1ros\u00edtotta a rendszert.<\/li>\r\n \t<li><strong>Biztons\u00e1gi be\u00e1ll\u00edt\u00e1sok ellen\u0151rz\u00e9se:<\/strong> A malware elt\u00e1vol\u00edt\u00e1sa ut\u00e1n az IT szakemberek ellen\u0151rzik a biztons\u00e1gi be\u00e1ll\u00edt\u00e1sokat \u00e9s vissza\u00e1ll\u00edtj\u00e1k azokat az eredeti, biztons\u00e1gos \u00e1llapotba.<\/li>\r\n<\/ul>\r\n<h4>Biztons\u00e1gi Szkennel\u00e9s<\/h4>\r\nA rendszeres biztons\u00e1gi szkennel\u00e9sek seg\u00edtenek megel\u0151zni a k\u00e1rt\u00e9kony szoftverek terjed\u00e9s\u00e9t \u00e9s biztos\u00edtj\u00e1k a rendszer folyamatos v\u00e9delm\u00e9t.\r\n<ul>\r\n \t<li><strong>Rendszeres teljes szkennel\u00e9s:<\/strong> Az IT szakemberek \u00fctemezik a rendszeres teljes rendszerszkennel\u00e9seket, amelyek sor\u00e1n az antiv\u00edrus szoftver \u00e1tvizsg\u00e1lja az \u00f6sszes f\u00e1jlt \u00e9s mapp\u00e1t a k\u00e1rt\u00e9kony szoftverek jelenl\u00e9t\u00e9re.<\/li>\r\n \t<li><strong>Val\u00f3s idej\u0171 v\u00e9delem:<\/strong> Az antiv\u00edrus szoftverek val\u00f3s idej\u0171 v\u00e9delmi funkci\u00f3i folyamatosan figyelik a rendszert \u00e9s azonnal jelzik, ha gyan\u00fas tev\u00e9kenys\u00e9get \u00e9szlelnek. Az IT szakemberek ellen\u0151rzik, hogy ezek a funkci\u00f3k megfelel\u0151en m\u0171k\u00f6dnek \u00e9s naprak\u00e9szek.<\/li>\r\n \t<li><strong>Adatb\u00e1zis friss\u00edt\u00e9sek:<\/strong> Az antiv\u00edrus szoftverek v\u00edrusdefin\u00edci\u00f3s adatb\u00e1zisainak rendszeres friss\u00edt\u00e9se biztos\u00edtja, hogy a leg\u00fajabb k\u00e1rt\u00e9kony szoftvereket is felismerj\u00e9k. Az IT szakemberek gondoskodnak arr\u00f3l, hogy ezek a friss\u00edt\u00e9sek automatikusan \u00e9s rendszeresen t\u00f6rt\u00e9njenek.<\/li>\r\n \t<li><strong>V\u00e9delmi jelent\u00e9sek \u00e1ttekint\u00e9se:<\/strong> Az IT szakemberek rendszeresen \u00e1ttekintik az antiv\u00edrus szoftverek \u00e1ltal gener\u00e1lt v\u00e9delmi jelent\u00e9seket, hogy azonos\u00edts\u00e1k a potenci\u00e1lis fenyeget\u00e9seket \u00e9s sz\u00fcks\u00e9g eset\u00e9n l\u00e9p\u00e9seket tegyenek a tov\u00e1bbi v\u00e9delem \u00e9rdek\u00e9ben.<\/li>\r\n<\/ul>\r\n<h4>Mi\u00e9rt Fontos a V\u00edrus- \u00e9s Malware V\u00e9delem?<\/h4>\r\n<ul>\r\n \t<li><strong>Adatv\u00e9delem:<\/strong> A k\u00e1rt\u00e9kony szoftverek ellophatj\u00e1k vagy k\u00e1ros\u00edthatj\u00e1k az \u00e9rz\u00e9keny adatokat, ez\u00e9rt elengedhetetlen a rendszeres v\u00e9delem.<\/li>\r\n \t<li><strong>Rendszerstabilit\u00e1s:<\/strong> A malware fert\u0151z\u00e9sek instabill\u00e1 tehetik a rendszereket, ami adatveszt\u00e9shez \u00e9s m\u0171k\u00f6d\u00e9si zavarokhoz vezethet.<\/li>\r\n \t<li><strong>\u00dczletfolytonoss\u00e1g:<\/strong> A k\u00e1rt\u00e9kony szoftverek \u00e1ltal okozott le\u00e1ll\u00e1sok komoly hat\u00e1ssal lehetnek a v\u00e1llalat m\u0171k\u00f6d\u00e9s\u00e9re \u00e9s bev\u00e9teleire.<\/li>\r\n \t<li><strong>Jogszab\u00e1lyi megfelel\u00e9s:<\/strong> Sz\u00e1mos ipar\u00e1gi szabv\u00e1ny \u00e9s jogszab\u00e1ly el\u0151\u00edrja a megfelel\u0151 kiberbiztons\u00e1gi int\u00e9zked\u00e9sek alkalmaz\u00e1s\u00e1t a v\u00e1llalatok sz\u00e1m\u00e1ra.<\/li>\r\n<\/ul>","_et_gb_content_width":""},"product_cat":[26],"product_tag":[33,34],"class_list":{"0":"post-317","1":"product","2":"type-product","3":"status-publish","4":"has-post-thumbnail","6":"product_cat-asztali-szolgaltatasok","7":"product_tag-helyreallitas","8":"product_tag-karbantartas","10":"first","11":"instock","12":"shipping-taxable","13":"purchasable","14":"product-type-simple"},"_links":{"self":[{"href":"https:\/\/luiz-tech.hu\/en\/wp-json\/wp\/v2\/product\/317","targetHints":{"allow":["GET"]}}],"collection":[{"href":"https:\/\/luiz-tech.hu\/en\/wp-json\/wp\/v2\/product"}],"about":[{"href":"https:\/\/luiz-tech.hu\/en\/wp-json\/wp\/v2\/types\/product"}],"wp:featuredmedia":[{"embeddable":true,"href":"https:\/\/luiz-tech.hu\/en\/wp-json\/wp\/v2\/media\/318"}],"wp:attachment":[{"href":"https:\/\/luiz-tech.hu\/en\/wp-json\/wp\/v2\/media?parent=317"}],"wp:term":[{"taxonomy":"product_cat","embeddable":true,"href":"https:\/\/luiz-tech.hu\/en\/wp-json\/wp\/v2\/product_cat?post=317"},{"taxonomy":"product_tag","embeddable":true,"href":"https:\/\/luiz-tech.hu\/en\/wp-json\/wp\/v2\/product_tag?post=317"}],"curies":[{"name":"wp","href":"https:\/\/api.w.org\/{rel}","templated":true}]}}