{"id":299,"date":"2024-07-18T10:12:03","date_gmt":"2024-07-18T10:12:03","guid":{"rendered":"https:\/\/luiz-tech.hu\/?post_type=product&#038;p=299"},"modified":"2024-07-19T06:34:37","modified_gmt":"2024-07-19T06:34:37","slug":"help-desk-es-tamogatas","status":"publish","type":"product","link":"https:\/\/luiz-tech.hu\/en\/product\/help-desk-es-tamogatas\/","title":{"rendered":"Help Desk \u00e9s T\u00e1mogat\u00e1s"},"content":{"rendered":"<p>[et_pb_section fb_built=&#8221;1&#8243; _builder_version=&#8221;4.16&#8243; custom_padding=&#8221;0px||0px||false|false&#8221; global_colors_info=&#8221;{}&#8221; theme_builder_area=&#8221;post_content&#8221;][et_pb_row _builder_version=&#8221;4.16&#8243; background_size=&#8221;initial&#8221; background_position=&#8221;top_left&#8221; background_repeat=&#8221;repeat&#8221; width=&#8221;100%&#8221; custom_padding=&#8221;0px||0px||false|false&#8221; global_colors_info=&#8221;{}&#8221; theme_builder_area=&#8221;post_content&#8221;][et_pb_column type=&#8221;4_4&#8243; _builder_version=&#8221;4.16&#8243; custom_padding=&#8221;|||&#8221; global_colors_info=&#8221;{}&#8221; custom_padding__hover=&#8221;|||&#8221; theme_builder_area=&#8221;post_content&#8221;][et_pb_wc_cart_notice _builder_version=&#8221;4.26.1&#8243; background_color=&#8221;#F48C06&#8243; custom_button=&#8221;on&#8221; button_text_color=&#8221;#F48C06&#8243; global_colors_info=&#8221;{}&#8221; theme_builder_area=&#8221;post_content&#8221;][\/et_pb_wc_cart_notice][\/et_pb_column][\/et_pb_row][et_pb_row column_structure=&#8221;1_2,1_2&#8243; _builder_version=&#8221;4.16&#8243; background_size=&#8221;initial&#8221; background_position=&#8221;top_left&#8221; background_repeat=&#8221;repeat&#8221; width=&#8221;100%&#8221; custom_padding=&#8221;0px||||false|false&#8221; global_colors_info=&#8221;{}&#8221; theme_builder_area=&#8221;post_content&#8221;][et_pb_column type=&#8221;1_2&#8243; _builder_version=&#8221;4.16&#8243; custom_padding=&#8221;|||&#8221; global_colors_info=&#8221;{}&#8221; custom_padding__hover=&#8221;|||&#8221; theme_builder_area=&#8221;post_content&#8221;][et_pb_wc_images _builder_version=&#8221;4.26.1&#8243; min_height=&#8221;590px&#8221; height=&#8221;590px&#8221; max_height=&#8221;590px&#8221; border_radii=&#8221;on|15px|15px|15px|15px&#8221; global_colors_info=&#8221;{}&#8221; theme_builder_area=&#8221;post_content&#8221;][\/et_pb_wc_images][\/et_pb_column][et_pb_column type=&#8221;1_2&#8243; _builder_version=&#8221;4.16&#8243; custom_padding=&#8221;|||&#8221; global_colors_info=&#8221;{}&#8221; custom_padding__hover=&#8221;|||&#8221; theme_builder_area=&#8221;post_content&#8221;][et_pb_wc_title _builder_version=&#8221;4.16&#8243; global_colors_info=&#8221;{}&#8221; theme_builder_area=&#8221;post_content&#8221;][\/et_pb_wc_title][et_pb_wc_price _builder_version=&#8221;4.26.1&#8243; _module_preset=&#8221;default&#8221; body_text_color=&#8221;#F48C06&#8243; global_colors_info=&#8221;{}&#8221; theme_builder_area=&#8221;post_content&#8221;][\/et_pb_wc_price][et_pb_wc_description _builder_version=&#8221;4.26.1&#8243; global_colors_info=&#8221;{}&#8221; theme_builder_area=&#8221;post_content&#8221;][\/et_pb_wc_description][et_pb_wc_add_to_cart show_quantity=&#8221;off&#8221; show_stock=&#8221;off&#8221; _builder_version=&#8221;4.26.1&#8243; field_label_text_align=&#8221;center&#8221; custom_button=&#8221;on&#8221; button_text_color=&#8221;#F48C06&#8243; global_colors_info=&#8221;{}&#8221; theme_builder_area=&#8221;post_content&#8221;][\/et_pb_wc_add_to_cart][\/et_pb_column][\/et_pb_row][et_pb_row _builder_version=&#8221;4.26.1&#8243; _module_preset=&#8221;default&#8221; global_colors_info=&#8221;{}&#8221; theme_builder_area=&#8221;post_content&#8221;][et_pb_column type=&#8221;4_4&#8243; _builder_version=&#8221;4.26.1&#8243; _module_preset=&#8221;default&#8221; global_colors_info=&#8221;{}&#8221; theme_builder_area=&#8221;post_content&#8221;][et_pb_divider color=&#8221;#F48C06&#8243; _builder_version=&#8221;4.26.1&#8243; _module_preset=&#8221;default&#8221; global_colors_info=&#8221;{}&#8221; theme_builder_area=&#8221;post_content&#8221;][\/et_pb_divider][et_pb_wc_description description_type=&#8221;description&#8221; _builder_version=&#8221;4.26.1&#8243; _module_preset=&#8221;default&#8221; global_colors_info=&#8221;{}&#8221; theme_builder_area=&#8221;post_content&#8221;][\/et_pb_wc_description][\/et_pb_column][\/et_pb_row][et_pb_row _builder_version=&#8221;4.26.1&#8243; _module_preset=&#8221;default&#8221; global_colors_info=&#8221;{}&#8221; theme_builder_area=&#8221;post_content&#8221;][et_pb_column type=&#8221;4_4&#8243; _builder_version=&#8221;4.26.1&#8243; _module_preset=&#8221;default&#8221; global_colors_info=&#8221;{}&#8221; theme_builder_area=&#8221;post_content&#8221;][et_pb_divider color=&#8221;#F48C06&#8243; _builder_version=&#8221;4.26.1&#8243; _module_preset=&#8221;default&#8221; global_colors_info=&#8221;{}&#8221; theme_builder_area=&#8221;post_content&#8221;][\/et_pb_divider][et_pb_shop type=&#8221;product_category&#8221; include_categories=&#8221;all&#8221; icon_hover_color=&#8221;#F48C06&#8243; hover_overlay_color=&#8221;rgba(244,140,6,0.19)&#8221; hover_icon=&#8221;&#xf07a;||fa||900&#8243; show_rating=&#8221;off&#8221; show_sale_badge=&#8221;off&#8221; _builder_version=&#8221;4.26.1&#8243; _module_preset=&#8221;default&#8221; title_text_align=&#8221;center&#8221; title_text_color=&#8221;#F48C06&#8243; price_text_align=&#8221;center&#8221; border_radii_image=&#8221;on|10px|10px|10px|10px&#8221; global_colors_info=&#8221;{}&#8221; theme_builder_area=&#8221;post_content&#8221;][\/et_pb_shop][\/et_pb_column][\/et_pb_row][\/et_pb_section]<\/p>","protected":false},"excerpt":{"rendered":"<ul>\n<li><strong>T\u00e1voli seg\u00edts\u00e9gny\u00fajt\u00e1s:<\/strong> Az IT szakemberek t\u00e1volr\u00f3l csatlakoznak a felhaszn\u00e1l\u00f3k sz\u00e1m\u00edt\u00f3g\u00e9p\u00e9hez probl\u00e9m\u00e1k megold\u00e1sa \u00e9rdek\u00e9ben.<\/li>\n<li><strong>Telefonos t\u00e1mogat\u00e1s:<\/strong> Technikai probl\u00e9m\u00e1k megold\u00e1sa telefonos \u00fatmutat\u00e1ssal.<\/li>\n<li><strong>Email t\u00e1mogat\u00e1s:<\/strong> K\u00e9rd\u00e9sek \u00e9s probl\u00e9m\u00e1k megold\u00e1sa email-en kereszt\u00fcl.<\/li>\n<\/ul>","protected":false},"featured_media":249,"template":"","meta":{"_et_pb_use_builder":"on","_et_pb_old_content":"<strong>1. T\u00e1voli seg\u00edts\u00e9gny\u00fajt\u00e1s<\/strong>\r\n\r\nA t\u00e1voli seg\u00edts\u00e9gny\u00fajt\u00e1s sor\u00e1n az IT szakemberek t\u00e1volr\u00f3l csatlakoznak a felhaszn\u00e1l\u00f3k sz\u00e1m\u00edt\u00f3g\u00e9p\u00e9hez, hogy k\u00f6zvetlen\u00fcl oldj\u00e1k meg a probl\u00e9m\u00e1kat. Ennek sz\u00e1mos el\u0151nye van:\r\n<ul>\r\n \t<li><strong>Gyors probl\u00e9mamegold\u00e1s:<\/strong> Az IT szakemberek azonnal hozz\u00e1f\u00e9rhetnek a felhaszn\u00e1l\u00f3 sz\u00e1m\u00edt\u00f3g\u00e9p\u00e9hez, \u00edgy gyorsan diagnosztiz\u00e1lhatj\u00e1k \u00e9s jav\u00edthatj\u00e1k a probl\u00e9m\u00e1kat.<\/li>\r\n \t<li><strong>K\u00e9nyelmes:<\/strong> A felhaszn\u00e1l\u00f3nak nem kell elhagynia az irod\u00e1j\u00e1t vagy otthon\u00e1t, hogy seg\u00edts\u00e9get kapjon. A seg\u00edts\u00e9gny\u00fajt\u00e1s a saj\u00e1t sz\u00e1m\u00edt\u00f3g\u00e9p\u00e9n t\u00f6rt\u00e9nik.<\/li>\r\n \t<li><strong>Hat\u00e9kony:<\/strong> Az IT szakemberek val\u00f3s id\u0151ben l\u00e1thatj\u00e1k a probl\u00e9m\u00e1t, \u00edgy pontosabban \u00e9s gyorsabban tudnak beavatkozni.<\/li>\r\n<\/ul>\r\nA t\u00e1voli seg\u00edts\u00e9gny\u00fajt\u00e1s sor\u00e1n haszn\u00e1lt eszk\u00f6z\u00f6k k\u00f6z\u00e9 tartoznak a k\u00fcl\u00f6nf\u00e9le t\u00e1vvez\u00e9rl\u0151 szoftverek, mint p\u00e9ld\u00e1ul a TeamViewer, AnyDesk vagy a Microsoft Remote Desktop.\r\n\r\n<strong>2. Telefonos t\u00e1mogat\u00e1s<\/strong>\r\n\r\nA telefonos t\u00e1mogat\u00e1s lehet\u0151v\u00e9 teszi a felhaszn\u00e1l\u00f3k sz\u00e1m\u00e1ra, hogy technikai probl\u00e9m\u00e1ikat telefonon kereszt\u00fcl oldj\u00e1k meg az IT szakemberek \u00fatmutat\u00e1s\u00e1val. Ez a t\u00e1mogat\u00e1si forma k\u00fcl\u00f6n\u00f6sen hasznos, ha a felhaszn\u00e1l\u00f3nak gyors seg\u00edts\u00e9gre van sz\u00fcks\u00e9ge, vagy ha a probl\u00e9ma nem ig\u00e9nyel k\u00f6zvetlen hozz\u00e1f\u00e9r\u00e9st a sz\u00e1m\u00edt\u00f3g\u00e9p\u00e9hez. A telefonos t\u00e1mogat\u00e1s el\u0151nyei:\r\n<ul>\r\n \t<li><strong>Azonnali v\u00e1lasz:<\/strong> A felhaszn\u00e1l\u00f3k k\u00f6zvetlen\u00fcl besz\u00e9lhetnek egy szakemberrel, aki azonnal megkezdheti a probl\u00e9ma megold\u00e1s\u00e1t.<\/li>\r\n \t<li><strong>K\u00f6zvetlen kommunik\u00e1ci\u00f3:<\/strong> A felhaszn\u00e1l\u00f3k r\u00e9szletesen elmagyar\u00e1zhatj\u00e1k a probl\u00e9m\u00e1t, \u00e9s azonnali visszajelz\u00e9st kaphatnak.<\/li>\r\n \t<li><strong>Nincs sz\u00fcks\u00e9g internetkapcsolatra:<\/strong> Telefonos t\u00e1mogat\u00e1s eset\u00e9n a felhaszn\u00e1l\u00f3k akkor is seg\u00edts\u00e9get kapnak, ha nincs internetkapcsolatuk.<\/li>\r\n<\/ul>\r\nA telefonos t\u00e1mogat\u00e1s sor\u00e1n az IT szakemberek l\u00e9p\u00e9sr\u0151l l\u00e9p\u00e9sre vezetik a felhaszn\u00e1l\u00f3kat a probl\u00e9m\u00e1k megold\u00e1s\u00e1ban, p\u00e9ld\u00e1ul szoftverek \u00fajratelep\u00edt\u00e9se, be\u00e1ll\u00edt\u00e1sok m\u00f3dos\u00edt\u00e1sa vagy hibaelh\u00e1r\u00edt\u00e1si l\u00e9p\u00e9sek v\u00e9grehajt\u00e1sa.\r\n\r\n<strong>3. Email t\u00e1mogat\u00e1s<\/strong>\r\n\r\nAz email t\u00e1mogat\u00e1s egy m\u00e1sik fontos csatorna a technikai probl\u00e9m\u00e1k megold\u00e1s\u00e1ra. Ez a forma k\u00fcl\u00f6n\u00f6sen alkalmas kev\u00e9sb\u00e9 s\u00fcrg\u0151s probl\u00e9m\u00e1k eset\u00e9n, amikor a felhaszn\u00e1l\u00f3k r\u00e9szletes le\u00edr\u00e1st tudnak adni a probl\u00e9m\u00e1r\u00f3l, \u00e9s az IT szakembereknek van idej\u00fck alaposan \u00e1tgondolni a legjobb megold\u00e1st. Az email t\u00e1mogat\u00e1s el\u0151nyei:\r\n<ul>\r\n \t<li><strong>Dokument\u00e1ci\u00f3:<\/strong> Az email kommunik\u00e1ci\u00f3 \u00edr\u00e1sos nyoma biztos\u00edtja, hogy minden l\u00e9p\u00e9s dokument\u00e1lva legyen, ami hasznos lehet a k\u00e9s\u0151bbi probl\u00e9mamegold\u00e1s sor\u00e1n.<\/li>\r\n \t<li><strong>R\u00e9szletes v\u00e1laszok:<\/strong> Az IT szakemberek r\u00e9szletes \u00e9s alapos v\u00e1laszokat adhatnak, mivel van idej\u00fck \u00e1tgondolni a probl\u00e9m\u00e1t \u00e9s a megold\u00e1st.<\/li>\r\n \t<li><strong>Id\u0151f\u00fcggetlen:<\/strong> A felhaszn\u00e1l\u00f3k b\u00e1rmikor elk\u00fcldhetik k\u00e9rd\u00e9seiket vagy probl\u00e9m\u00e1ikat, \u00e9s az IT szakemberek a k\u00f6vetkez\u0151 el\u00e9rhet\u0151s\u00e9g\u00fck alkalm\u00e1val v\u00e1laszolhatnak.<\/li>\r\n<\/ul>\r\nAz email t\u00e1mogat\u00e1s sor\u00e1n az IT szakemberek r\u00e9szletes \u00fatmutat\u00e1sokat \u00e9s l\u00e9p\u00e9seket k\u00fcldhetnek a probl\u00e9m\u00e1k megold\u00e1s\u00e1ra, bele\u00e9rtve a k\u00e9perny\u0151k\u00e9peket, hivatkoz\u00e1sokat \u00e9s egy\u00e9b seg\u00e9danyagokat.\r\n\r\n<hr \/>\r\n\r\nEzek a help desk \u00e9s t\u00e1mogat\u00e1si szolg\u00e1ltat\u00e1sok egy\u00fctt biztos\u00edtj\u00e1k, hogy a felhaszn\u00e1l\u00f3k mindig rendelkez\u00e9sre \u00e1ll\u00f3, megb\u00edzhat\u00f3 \u00e9s hat\u00e9kony technikai seg\u00edts\u00e9get kapjanak, b\u00e1rmilyen probl\u00e9m\u00e1val is szembes\u00fcljenek. Ha tov\u00e1bbi inform\u00e1ci\u00f3ra van sz\u00fcks\u00e9ge ezekr\u0151l a szolg\u00e1ltat\u00e1sokr\u00f3l vagy specifikus ig\u00e9nyei vannak, l\u00e9pjen vel\u00fcnk kapcsolatba.","_et_gb_content_width":""},"product_cat":[26],"product_tag":[34,32],"class_list":{"0":"post-299","1":"product","2":"type-product","3":"status-publish","4":"has-post-thumbnail","6":"product_cat-asztali-szolgaltatasok","7":"product_tag-karbantartas","8":"product_tag-tamogatas","10":"first","11":"instock","12":"shipping-taxable","13":"purchasable","14":"product-type-variable-subscription"},"_links":{"self":[{"href":"https:\/\/luiz-tech.hu\/en\/wp-json\/wp\/v2\/product\/299","targetHints":{"allow":["GET"]}}],"collection":[{"href":"https:\/\/luiz-tech.hu\/en\/wp-json\/wp\/v2\/product"}],"about":[{"href":"https:\/\/luiz-tech.hu\/en\/wp-json\/wp\/v2\/types\/product"}],"wp:featuredmedia":[{"embeddable":true,"href":"https:\/\/luiz-tech.hu\/en\/wp-json\/wp\/v2\/media\/249"}],"wp:attachment":[{"href":"https:\/\/luiz-tech.hu\/en\/wp-json\/wp\/v2\/media?parent=299"}],"wp:term":[{"taxonomy":"product_cat","embeddable":true,"href":"https:\/\/luiz-tech.hu\/en\/wp-json\/wp\/v2\/product_cat?post=299"},{"taxonomy":"product_tag","embeddable":true,"href":"https:\/\/luiz-tech.hu\/en\/wp-json\/wp\/v2\/product_tag?post=299"}],"curies":[{"name":"wp","href":"https:\/\/api.w.org\/{rel}","templated":true}]}}